{"id":1342,"date":"2022-09-28T22:47:17","date_gmt":"2022-09-28T20:47:17","guid":{"rendered":"https:\/\/vinsdedagne.fr\/?page_id=1342"},"modified":"2022-09-28T22:56:14","modified_gmt":"2022-09-28T20:56:14","slug":"test","status":"publish","type":"page","link":"https:\/\/vinsdedagne.fr\/en\/test\/","title":{"rendered":"Test"},"content":{"rendered":"<div data-elementor-type=\"wp-page\" data-elementor-id=\"1342\" class=\"elementor elementor-1342\">\n\t\t\t\t\t\t<section class=\"elementor-section elementor-top-section elementor-element elementor-element-1fdd33b elementor-section-boxed elementor-section-height-default elementor-section-height-default\" data-id=\"1fdd33b\" data-element_type=\"section\" data-e-type=\"section\">\n\t\t\t\t\t\t<div class=\"elementor-container elementor-column-gap-default\">\n\t\t\t\t\t<div class=\"elementor-column elementor-col-100 elementor-top-column elementor-element elementor-element-7ce66fa\" data-id=\"7ce66fa\" data-element_type=\"column\" data-e-type=\"column\">\n\t\t\t<div class=\"elementor-widget-wrap elementor-element-populated\">\n\t\t\t\t\t\t<div class=\"elementor-element elementor-element-b9deb69 elementor-widget elementor-widget-shortcode\" data-id=\"b9deb69\" data-element_type=\"widget\" data-e-type=\"widget\" data-widget_type=\"shortcode.default\">\n\t\t\t\t<div class=\"elementor-widget-container\">\n\t\t\t\t\t\t\t<div class=\"elementor-shortcode\">\n<div class=\"wpcf7 no-js\" id=\"wpcf7-f1347-o1\" lang=\"fr-FR\" dir=\"ltr\" data-wpcf7-id=\"1347\">\n<div class=\"screen-reader-response\"><p role=\"status\" aria-live=\"polite\" aria-atomic=\"true\"><\/p> <ul><\/ul><\/div>\n<form action=\"\/en\/wp-json\/wp\/v2\/pages\/1342#wpcf7-f1347-o1\" method=\"post\" class=\"wpcf7-form init\" aria-label=\"Formulaire de contact\" novalidate=\"novalidate\" data-status=\"init\" data-trp-original-action=\"\/en\/wp-json\/wp\/v2\/pages\/1342#wpcf7-f1347-o1\">\n<fieldset class=\"hidden-fields-container\"><input type=\"hidden\" name=\"_wpcf7\" value=\"1347\" \/><input type=\"hidden\" name=\"_wpcf7_version\" value=\"6.1.5\" \/><input type=\"hidden\" name=\"_wpcf7_locale\" value=\"fr_FR\" \/><input type=\"hidden\" name=\"_wpcf7_unit_tag\" value=\"wpcf7-f1347-o1\" \/><input type=\"hidden\" name=\"_wpcf7_container_post\" value=\"0\" \/><input type=\"hidden\" name=\"_wpcf7_posted_data_hash\" value=\"\" \/>\n<\/fieldset>\n<p><label class=\"form-text\"> Name<br \/>\n<span class=\"wpcf7-form-control-wrap\" data-name=\"your-name\"><input size=\"40\" maxlength=\"400\" class=\"wpcf7-form-control wpcf7-text wpcf7-validates-as-required\" aria-required=\"true\" aria-invalid=\"false\" value=\"\" type=\"text\" name=\"your-name\" \/><\/span> <\/label>\n<\/p>\n<p><label class=\"form-text\"> First name<br \/>\n<span class=\"wpcf7-form-control-wrap\" data-name=\"your-first-name\"><input size=\"40\" maxlength=\"400\" class=\"wpcf7-form-control wpcf7-text wpcf7-validates-as-required\" aria-required=\"true\" aria-invalid=\"false\" value=\"\" type=\"text\" name=\"your-first-name\" \/><\/span> <\/label>\n<\/p>\n<p><label class=\"form-text\"> Email<br \/>\n<span class=\"wpcf7-form-control-wrap\" data-name=\"your-email\"><input size=\"40\" maxlength=\"400\" class=\"wpcf7-form-control wpcf7-email wpcf7-validates-as-required wpcf7-text wpcf7-validates-as-email\" aria-required=\"true\" aria-invalid=\"false\" value=\"\" type=\"email\" name=\"your-email\" \/><\/span> <\/label>\n<\/p>\n<p><label class=\"form-text\"> Phone<br \/>\n<span class=\"wpcf7-form-control-wrap\" data-name=\"tel\"><input size=\"40\" maxlength=\"400\" class=\"wpcf7-form-control wpcf7-tel wpcf7-validates-as-required wpcf7-text wpcf7-validates-as-tel\" aria-required=\"true\" aria-invalid=\"false\" value=\"\" type=\"tel\" name=\"tel\" \/><\/span> <\/label>\n<\/p>\n<p><label class=\"form-text\"> Subject of the request<br \/>\n<span class=\"wpcf7-form-control-wrap\" data-name=\"menu\"><select class=\"wpcf7-form-control wpcf7-select wpcf7-validates-as-required\" aria-required=\"true\" aria-invalid=\"false\" name=\"menu\"><option value=\"Restaurant\">Restaurant<\/option><option value=\"G\u00eete\">G\u00eete<\/option><option value=\"Devis\">Quote<\/option><option value=\"Autre\">Other<\/option><\/select><\/span> <\/label>\n<\/p>\n<p><label class=\"form-text\"> Your message<br \/>\n<span class=\"wpcf7-form-control-wrap\" data-name=\"your-message\"><textarea cols=\"40\" rows=\"10\" maxlength=\"2000\" class=\"wpcf7-form-control wpcf7-textarea wpcf7-validates-as-required\" aria-required=\"true\" aria-invalid=\"false\" name=\"your-message\"><\/textarea><\/span> <\/label>\n<\/p>\n<p>By completing this form, you consent to the data processing manager collecting your data in order to be able to respond to your message. To assert your right of access or erasure, consult my <a style=\"color: #A72631\" href=\"https:\/\/vinsdedagne.fr\/en\/politique-confidentialite\/\"> privacy policy<\/a>\n<\/p>\n<div class=\"form-class-submit\">\n\t<p><input class=\"wpcf7-form-control wpcf7-submit has-spinner form-submit\" type=\"submit\" value=\"Send\" \/>\n\t<\/p>\n<\/div><div class=\"wpcf7-response-output\" aria-hidden=\"true\"><\/div>\n<input type=\"hidden\" name=\"trp-form-language\" value=\"en\"\/><\/form>\n<\/div>\n<\/div>\n\t\t\t\t\t\t<\/div>\n\t\t\t\t<\/div>\n\t\t\t\t\t<\/div>\n\t\t<\/div>\n\t\t\t\t\t<\/div>\n\t\t<\/section>\n\t\t\t\t<\/div>","protected":false},"excerpt":{"rendered":"","protected":false},"author":1,"featured_media":0,"parent":0,"menu_order":0,"comment_status":"closed","ping_status":"closed","template":"","meta":{"site-sidebar-layout":"no-sidebar","site-content-layout":"page-builder","ast-site-content-layout":"default","site-content-style":"default","site-sidebar-style":"default","ast-global-header-display":"","ast-banner-title-visibility":"","ast-main-header-display":"","ast-hfb-above-header-display":"","ast-hfb-below-header-display":"","ast-hfb-mobile-header-display":"","site-post-title":"disabled","ast-breadcrumbs-content":"","ast-featured-img":"disabled","footer-sml-layout":"","ast-disable-related-posts":"","theme-transparent-header-meta":"","adv-header-id-meta":"","stick-header-meta":"","header-above-stick-meta":"","header-main-stick-meta":"","header-below-stick-meta":"","astra-migrate-meta-layouts":"default","ast-page-background-enabled":"default","ast-page-background-meta":{"desktop":{"background-color":"","background-image":"","background-repeat":"repeat","background-position":"center center","background-size":"auto","background-attachment":"scroll","background-type":"","background-media":"","overlay-type":"","overlay-color":"","overlay-opacity":"","overlay-gradient":""},"tablet":{"background-color":"","background-image":"","background-repeat":"repeat","background-position":"center center","background-size":"auto","background-attachment":"scroll","background-type":"","background-media":"","overlay-type":"","overlay-color":"","overlay-opacity":"","overlay-gradient":""},"mobile":{"background-color":"","background-image":"","background-repeat":"repeat","background-position":"center center","background-size":"auto","background-attachment":"scroll","background-type":"","background-media":"","overlay-type":"","overlay-color":"","overlay-opacity":"","overlay-gradient":""}},"ast-content-background-meta":{"desktop":{"background-color":"var(--ast-global-color-5)","background-image":"","background-repeat":"repeat","background-position":"center center","background-size":"auto","background-attachment":"scroll","background-type":"","background-media":"","overlay-type":"","overlay-color":"","overlay-opacity":"","overlay-gradient":""},"tablet":{"background-color":"var(--ast-global-color-5)","background-image":"","background-repeat":"repeat","background-position":"center center","background-size":"auto","background-attachment":"scroll","background-type":"","background-media":"","overlay-type":"","overlay-color":"","overlay-opacity":"","overlay-gradient":""},"mobile":{"background-color":"var(--ast-global-color-5)","background-image":"","background-repeat":"repeat","background-position":"center center","background-size":"auto","background-attachment":"scroll","background-type":"","background-media":"","overlay-type":"","overlay-color":"","overlay-opacity":"","overlay-gradient":""}},"footnotes":""},"class_list":["post-1342","page","type-page","status-publish","hentry"],"yoast_head":"<!-- This site is optimized with the Yoast SEO plugin v27.4 - https:\/\/yoast.com\/product\/yoast-seo-wordpress\/ -->\n<title>Vins de Dagne - Test<\/title>\n<meta name=\"description\" content=\"La carte des vins est pr\u00eate, la cuisini\u00e8re est en place, le g\u00e9rant est sur le palier, venez d\u00e9couvrir ce lieu rempli d\u2019histoire et de convivialit\u00e9 pour un moment de plaisir et de partage.\" \/>\n<meta name=\"robots\" content=\"index, follow, max-snippet:-1, max-image-preview:large, max-video-preview:-1\" \/>\n<link rel=\"canonical\" href=\"https:\/\/vinsdedagne.fr\/en\/test\/\" \/>\n<meta property=\"og:locale\" content=\"en_US\" \/>\n<meta property=\"og:type\" content=\"article\" \/>\n<meta property=\"og:title\" content=\"Vins de Dagne - Test\" \/>\n<meta property=\"og:description\" content=\"La carte des vins est pr\u00eate, la cuisini\u00e8re est en place, le g\u00e9rant est sur le palier, venez d\u00e9couvrir ce lieu rempli d\u2019histoire et de convivialit\u00e9 pour un moment de plaisir et de partage.\" \/>\n<meta property=\"og:url\" content=\"https:\/\/vinsdedagne.fr\/en\/test\/\" \/>\n<meta property=\"og:site_name\" content=\"Vins de Dagne\" \/>\n<meta property=\"article:publisher\" content=\"https:\/\/www.facebook.com\/vinsdedagne\" \/>\n<meta property=\"article:modified_time\" content=\"2022-09-28T20:56:14+00:00\" \/>\n<meta property=\"og:image\" content=\"https:\/\/vinsdedagne.fr\/wp-content\/uploads\/2021\/06\/photo-restaurant.jpeg\" \/>\n\t<meta property=\"og:image:width\" content=\"2048\" \/>\n\t<meta property=\"og:image:height\" content=\"1365\" \/>\n\t<meta property=\"og:image:type\" content=\"image\/jpeg\" \/>\n<meta name=\"twitter:card\" content=\"summary_large_image\" \/>\n<script type=\"application\/ld+json\" class=\"yoast-schema-graph\">{\"@context\":\"https:\\\/\\\/schema.org\",\"@graph\":[{\"@type\":\"WebPage\",\"@id\":\"https:\\\/\\\/vinsdedagne.fr\\\/test\\\/\",\"url\":\"https:\\\/\\\/vinsdedagne.fr\\\/test\\\/\",\"name\":\"Vins de Dagne - Test\",\"isPartOf\":{\"@id\":\"https:\\\/\\\/vinsdedagne.fr\\\/#website\"},\"datePublished\":\"2022-09-28T20:47:17+00:00\",\"dateModified\":\"2022-09-28T20:56:14+00:00\",\"description\":\"La carte des vins est pr\u00eate, la cuisini\u00e8re est en place, le g\u00e9rant est sur le palier, venez d\u00e9couvrir ce lieu rempli d\u2019histoire et de convivialit\u00e9 pour un moment de plaisir et de partage.\",\"breadcrumb\":{\"@id\":\"https:\\\/\\\/vinsdedagne.fr\\\/test\\\/#breadcrumb\"},\"inLanguage\":\"en-US\",\"potentialAction\":[{\"@type\":\"ReadAction\",\"target\":[\"https:\\\/\\\/vinsdedagne.fr\\\/test\\\/\"]}]},{\"@type\":\"BreadcrumbList\",\"@id\":\"https:\\\/\\\/vinsdedagne.fr\\\/test\\\/#breadcrumb\",\"itemListElement\":[{\"@type\":\"ListItem\",\"position\":1,\"name\":\"Accueil\",\"item\":\"https:\\\/\\\/vinsdedagne.fr\\\/\"},{\"@type\":\"ListItem\",\"position\":2,\"name\":\"Test\"}]},{\"@type\":\"WebSite\",\"@id\":\"https:\\\/\\\/vinsdedagne.fr\\\/#website\",\"url\":\"https:\\\/\\\/vinsdedagne.fr\\\/\",\"name\":\"Vins de Dagne\",\"description\":\"\",\"publisher\":{\"@id\":\"https:\\\/\\\/vinsdedagne.fr\\\/#organization\"},\"potentialAction\":[{\"@type\":\"SearchAction\",\"target\":{\"@type\":\"EntryPoint\",\"urlTemplate\":\"https:\\\/\\\/vinsdedagne.fr\\\/?s={search_term_string}\"},\"query-input\":{\"@type\":\"PropertyValueSpecification\",\"valueRequired\":true,\"valueName\":\"search_term_string\"}}],\"inLanguage\":\"en-US\"},{\"@type\":\"Organization\",\"@id\":\"https:\\\/\\\/vinsdedagne.fr\\\/#organization\",\"name\":\"Vins de Dagne\",\"url\":\"https:\\\/\\\/vinsdedagne.fr\\\/\",\"logo\":{\"@type\":\"ImageObject\",\"inLanguage\":\"en-US\",\"@id\":\"https:\\\/\\\/vinsdedagne.fr\\\/#\\\/schema\\\/logo\\\/image\\\/\",\"url\":\"https:\\\/\\\/vinsdedagne.fr\\\/wp-content\\\/uploads\\\/2021\\\/06\\\/logo-vinsdedagne.png\",\"contentUrl\":\"https:\\\/\\\/vinsdedagne.fr\\\/wp-content\\\/uploads\\\/2021\\\/06\\\/logo-vinsdedagne.png\",\"width\":834,\"height\":834,\"caption\":\"Vins de Dagne\"},\"image\":{\"@id\":\"https:\\\/\\\/vinsdedagne.fr\\\/#\\\/schema\\\/logo\\\/image\\\/\"},\"sameAs\":[\"https:\\\/\\\/www.facebook.com\\\/vinsdedagne\",\"https:\\\/\\\/www.instagram.com\\\/vins_de_dagne\\\/?hl=fr\"]}]}<\/script>\n<!-- \/ Yoast SEO plugin. -->","yoast_head_json":{"title":"Vins de Dagne - Test","description":"La carte des vins est pr\u00eate, la cuisini\u00e8re est en place, le g\u00e9rant est sur le palier, venez d\u00e9couvrir ce lieu rempli d\u2019histoire et de convivialit\u00e9 pour un moment de plaisir et de partage.","robots":{"index":"index","follow":"follow","max-snippet":"max-snippet:-1","max-image-preview":"max-image-preview:large","max-video-preview":"max-video-preview:-1"},"canonical":"https:\/\/vinsdedagne.fr\/en\/test\/","og_locale":"en_US","og_type":"article","og_title":"Vins de Dagne - Test","og_description":"La carte des vins est pr\u00eate, la cuisini\u00e8re est en place, le g\u00e9rant est sur le palier, venez d\u00e9couvrir ce lieu rempli d\u2019histoire et de convivialit\u00e9 pour un moment de plaisir et de partage.","og_url":"https:\/\/vinsdedagne.fr\/en\/test\/","og_site_name":"Vins de Dagne","article_publisher":"https:\/\/www.facebook.com\/vinsdedagne","article_modified_time":"2022-09-28T20:56:14+00:00","og_image":[{"width":2048,"height":1365,"url":"https:\/\/vinsdedagne.fr\/wp-content\/uploads\/2021\/06\/photo-restaurant.jpeg","type":"image\/jpeg"}],"twitter_card":"summary_large_image","schema":{"@context":"https:\/\/schema.org","@graph":[{"@type":"WebPage","@id":"https:\/\/vinsdedagne.fr\/test\/","url":"https:\/\/vinsdedagne.fr\/test\/","name":"Vins de Dagne - Test","isPartOf":{"@id":"https:\/\/vinsdedagne.fr\/#website"},"datePublished":"2022-09-28T20:47:17+00:00","dateModified":"2022-09-28T20:56:14+00:00","description":"La carte des vins est pr\u00eate, la cuisini\u00e8re est en place, le g\u00e9rant est sur le palier, venez d\u00e9couvrir ce lieu rempli d\u2019histoire et de convivialit\u00e9 pour un moment de plaisir et de partage.","breadcrumb":{"@id":"https:\/\/vinsdedagne.fr\/test\/#breadcrumb"},"inLanguage":"en-US","potentialAction":[{"@type":"ReadAction","target":["https:\/\/vinsdedagne.fr\/test\/"]}]},{"@type":"BreadcrumbList","@id":"https:\/\/vinsdedagne.fr\/test\/#breadcrumb","itemListElement":[{"@type":"ListItem","position":1,"name":"Accueil","item":"https:\/\/vinsdedagne.fr\/"},{"@type":"ListItem","position":2,"name":"Test"}]},{"@type":"WebSite","@id":"https:\/\/vinsdedagne.fr\/#website","url":"https:\/\/vinsdedagne.fr\/","name":"Vins de Dagne","description":"","publisher":{"@id":"https:\/\/vinsdedagne.fr\/#organization"},"potentialAction":[{"@type":"SearchAction","target":{"@type":"EntryPoint","urlTemplate":"https:\/\/vinsdedagne.fr\/?s={search_term_string}"},"query-input":{"@type":"PropertyValueSpecification","valueRequired":true,"valueName":"search_term_string"}}],"inLanguage":"en-US"},{"@type":"Organization","@id":"https:\/\/vinsdedagne.fr\/#organization","name":"Vins de Dagne","url":"https:\/\/vinsdedagne.fr\/","logo":{"@type":"ImageObject","inLanguage":"en-US","@id":"https:\/\/vinsdedagne.fr\/#\/schema\/logo\/image\/","url":"https:\/\/vinsdedagne.fr\/wp-content\/uploads\/2021\/06\/logo-vinsdedagne.png","contentUrl":"https:\/\/vinsdedagne.fr\/wp-content\/uploads\/2021\/06\/logo-vinsdedagne.png","width":834,"height":834,"caption":"Vins de Dagne"},"image":{"@id":"https:\/\/vinsdedagne.fr\/#\/schema\/logo\/image\/"},"sameAs":["https:\/\/www.facebook.com\/vinsdedagne","https:\/\/www.instagram.com\/vins_de_dagne\/?hl=fr"]}]}},"_links":{"self":[{"href":"https:\/\/vinsdedagne.fr\/en\/wp-json\/wp\/v2\/pages\/1342","targetHints":{"allow":["GET"]}}],"collection":[{"href":"https:\/\/vinsdedagne.fr\/en\/wp-json\/wp\/v2\/pages"}],"about":[{"href":"https:\/\/vinsdedagne.fr\/en\/wp-json\/wp\/v2\/types\/page"}],"author":[{"embeddable":true,"href":"https:\/\/vinsdedagne.fr\/en\/wp-json\/wp\/v2\/users\/1"}],"replies":[{"embeddable":true,"href":"https:\/\/vinsdedagne.fr\/en\/wp-json\/wp\/v2\/comments?post=1342"}],"version-history":[{"count":0,"href":"https:\/\/vinsdedagne.fr\/en\/wp-json\/wp\/v2\/pages\/1342\/revisions"}],"wp:attachment":[{"href":"https:\/\/vinsdedagne.fr\/en\/wp-json\/wp\/v2\/media?parent=1342"}],"curies":[{"name":"wp","href":"https:\/\/api.w.org\/{rel}","templated":true}]}}