{"id":2114,"date":"2026-04-21T13:45:41","date_gmt":"2026-04-21T11:45:41","guid":{"rendered":"https:\/\/vinsdedagne.fr\/?page_id=2114"},"modified":"2026-04-21T14:27:28","modified_gmt":"2026-04-21T12:27:28","slug":"blog","status":"publish","type":"page","link":"https:\/\/vinsdedagne.fr\/en\/blog\/","title":{"rendered":"Blog"},"content":{"rendered":"\t\t<div data-elementor-type=\"wp-page\" data-elementor-id=\"2114\" class=\"elementor elementor-2114\">\n\t\t\t\t\t\t<section class=\"elementor-section elementor-top-section elementor-element elementor-element-b8ca0b7 elementor-section-height-min-height elementor-section-boxed elementor-section-height-default elementor-section-items-middle\" data-id=\"b8ca0b7\" data-element_type=\"section\" data-e-type=\"section\" data-settings=\"{&quot;background_background&quot;:&quot;slideshow&quot;,&quot;background_slideshow_gallery&quot;:[{&quot;id&quot;:2082,&quot;url&quot;:&quot;https:\\\/\\\/vinsdedagne.fr\\\/wp-content\\\/uploads\\\/2026\\\/04\\\/JPEG-2026_03-Les-Vins-de-Dagne-45-scaled.jpg&quot;},{&quot;id&quot;:2073,&quot;url&quot;:&quot;https:\\\/\\\/vinsdedagne.fr\\\/wp-content\\\/uploads\\\/2026\\\/04\\\/JPEG-2026_03-Les-Vins-de-Dagne-52-scaled.jpg&quot;},{&quot;id&quot;:2077,&quot;url&quot;:&quot;https:\\\/\\\/vinsdedagne.fr\\\/wp-content\\\/uploads\\\/2026\\\/04\\\/JPEG-2026_03-Les-Vins-de-Dagne-56-scaled.jpg&quot;},{&quot;id&quot;:1911,&quot;url&quot;:&quot;https:\\\/\\\/vinsdedagne.fr\\\/wp-content\\\/uploads\\\/2025\\\/11\\\/DSCF3629.jpg&quot;},{&quot;id&quot;:1034,&quot;url&quot;:&quot;https:\\\/\\\/vinsdedagne.fr\\\/wp-content\\\/uploads\\\/2021\\\/07\\\/209647575_818398402149089_9063464273871502918_n.jpg&quot;},{&quot;id&quot;:1923,&quot;url&quot;:&quot;https:\\\/\\\/vinsdedagne.fr\\\/wp-content\\\/uploads\\\/2025\\\/11\\\/DSCF3674.jpg&quot;},{&quot;id&quot;:1919,&quot;url&quot;:&quot;https:\\\/\\\/vinsdedagne.fr\\\/wp-content\\\/uploads\\\/2025\\\/11\\\/DSCF3658.jpg&quot;},{&quot;id&quot;:2081,&quot;url&quot;:&quot;https:\\\/\\\/vinsdedagne.fr\\\/wp-content\\\/uploads\\\/2026\\\/04\\\/JPEG-2026_03-Les-Vins-de-Dagne-44-scaled.jpg&quot;},{&quot;id&quot;:1918,&quot;url&quot;:&quot;https:\\\/\\\/vinsdedagne.fr\\\/wp-content\\\/uploads\\\/2025\\\/11\\\/DSCF3719.jpg&quot;},{&quot;id&quot;:1036,&quot;url&quot;:&quot;https:\\\/\\\/vinsdedagne.fr\\\/wp-content\\\/uploads\\\/2021\\\/07\\\/213120683_226534205963724_8938979706091719254_n.jpg&quot;},{&quot;id&quot;:2102,&quot;url&quot;:&quot;https:\\\/\\\/vinsdedagne.fr\\\/wp-content\\\/uploads\\\/2026\\\/04\\\/JPEG-2026_03-Les-Vins-de-Dagne-16-scaled.jpg&quot;},{&quot;id&quot;:2078,&quot;url&quot;:&quot;https:\\\/\\\/vinsdedagne.fr\\\/wp-content\\\/uploads\\\/2026\\\/04\\\/JPEG-2026_03-Les-Vins-de-Dagne-41-scaled.jpg&quot;},{&quot;id&quot;:2104,&quot;url&quot;:&quot;https:\\\/\\\/vinsdedagne.fr\\\/wp-content\\\/uploads\\\/2026\\\/04\\\/JPEG-2026_03-Les-Vins-de-Dagne-18-scaled.jpg&quot;}],&quot;background_slideshow_ken_burns&quot;:&quot;yes&quot;,&quot;background_slideshow_ken_burns_zoom_direction&quot;:&quot;out&quot;,&quot;background_slideshow_slide_duration&quot;:4746,&quot;shape_divider_top&quot;:&quot;arrow&quot;,&quot;background_slideshow_loop&quot;:&quot;yes&quot;,&quot;background_slideshow_slide_transition&quot;:&quot;fade&quot;,&quot;background_slideshow_transition_duration&quot;:500}\">\n\t\t\t\t\t\t\t<div class=\"elementor-background-overlay\"><\/div>\n\t\t\t\t\t\t<div class=\"elementor-shape elementor-shape-top\" aria-hidden=\"true\" data-negative=\"false\">\n\t\t\t<svg xmlns=\"http:\/\/www.w3.org\/2000\/svg\" viewBox=\"0 0 700 10\" preserveAspectRatio=\"none\">\n\t<path class=\"elementor-shape-fill\" d=\"M350,10L340,0h20L350,10z\"\/>\n<\/svg>\t\t<\/div>\n\t\t\t\t\t<div class=\"elementor-container elementor-column-gap-default\">\n\t\t\t\t\t<div class=\"elementor-column elementor-col-100 elementor-top-column elementor-element elementor-element-2d76be1\" data-id=\"2d76be1\" data-element_type=\"column\" data-e-type=\"column\">\n\t\t\t<div class=\"elementor-widget-wrap elementor-element-populated\">\n\t\t\t\t\t\t<section class=\"elementor-section elementor-inner-section elementor-element elementor-element-0fafef3 elementor-section-boxed elementor-section-height-default elementor-section-height-default\" data-id=\"0fafef3\" data-element_type=\"section\" data-e-type=\"section\">\n\t\t\t\t\t\t<div class=\"elementor-container elementor-column-gap-default\">\n\t\t\t\t\t<div class=\"elementor-column elementor-col-100 elementor-inner-column elementor-element elementor-element-1e14da4\" data-id=\"1e14da4\" data-element_type=\"column\" data-e-type=\"column\">\n\t\t\t<div class=\"elementor-widget-wrap elementor-element-populated\">\n\t\t\t\t\t\t<div class=\"elementor-element elementor-element-daf1607 elementor-widget elementor-widget-heading\" data-id=\"daf1607\" data-element_type=\"widget\" data-e-type=\"widget\" data-widget_type=\"heading.default\">\n\t\t\t\t<div class=\"elementor-widget-container\">\n\t\t\t\t\t<h2 class=\"elementor-heading-title elementor-size-default\"><span style=\"font-family:'Montserrat\">LE BLOG<\/h2>\t\t\t\t<\/div>\n\t\t\t\t<\/div>\n\t\t\t\t\t<\/div>\n\t\t<\/div>\n\t\t\t\t\t<\/div>\n\t\t<\/section>\n\t\t\t\t\t<\/div>\n\t\t<\/div>\n\t\t\t\t\t<\/div>\n\t\t<\/section>\n\t\t\t\t<section class=\"elementor-section elementor-top-section elementor-element elementor-element-10191f7 elementor-section-boxed elementor-section-height-default elementor-section-height-default\" data-id=\"10191f7\" data-element_type=\"section\" data-e-type=\"section\">\n\t\t\t\t\t\t<div class=\"elementor-container elementor-column-gap-default\">\n\t\t\t\t\t<div class=\"elementor-column elementor-col-100 elementor-top-column elementor-element elementor-element-137c3ba\" data-id=\"137c3ba\" data-element_type=\"column\" data-e-type=\"column\">\n\t\t\t<div class=\"elementor-widget-wrap elementor-element-populated\">\n\t\t\t\t\t\t<div class=\"elementor-element elementor-element-1e84d5d elementor-widget elementor-widget-hfe-basic-posts\" data-id=\"1e84d5d\" data-element_type=\"widget\" data-e-type=\"widget\" data-widget_type=\"hfe-basic-posts.default\">\n\t\t\t\t<div class=\"elementor-widget-container\">\n\t\t\t\t\t\n<div class=\"hfe-posts-grid\">\n\t\t\t<article class=\"hfe-post-card\">\n\t\t\t\t\t\t\t<div class=\"hfe-post-image\">\n\t\t\t\t\t<a href=\"https:\/\/vinsdedagne.fr\/en\/val-de-dagne-le-cafe-vins-de-dagne-recompense\/\" rel=\"bookmark\">\n\t\t\t\t\t\t<img loading=\"lazy\" decoding=\"async\" width=\"300\" height=\"169\" src=\"https:\/\/vinsdedagne.fr\/wp-content\/uploads\/2026\/04\/le-cafe-vins-de-dagne-recompense-300x169.jpg\" class=\"attachment-medium size-medium wp-post-image\" alt=\"Val-de-Dagne : le caf\u00e9 Vins de Dagne r\u00e9compens\u00e9\" loading=\"lazy\" srcset=\"https:\/\/vinsdedagne.fr\/wp-content\/uploads\/2026\/04\/le-cafe-vins-de-dagne-recompense-300x169.jpg 300w, https:\/\/vinsdedagne.fr\/wp-content\/uploads\/2026\/04\/le-cafe-vins-de-dagne-recompense-768x434.jpg 768w, https:\/\/vinsdedagne.fr\/wp-content\/uploads\/2026\/04\/le-cafe-vins-de-dagne-recompense-18x10.jpg 18w, https:\/\/vinsdedagne.fr\/wp-content\/uploads\/2026\/04\/le-cafe-vins-de-dagne-recompense.jpg 885w\" sizes=\"auto, (max-width: 300px) 100vw, 300px\" \/>\t\t\t\t\t<\/a>\n\t\t\t\t<\/div>\n\t\t\t\n\t\t\t<div class=\"hfe-post-content\">\n\t\t\t\t\t\t\t\t\t<h3 class=\"hfe-post-title\">\n\t\t\t\t\t\t<a href=\"https:\/\/vinsdedagne.fr\/en\/val-de-dagne-le-cafe-vins-de-dagne-recompense\/\" rel=\"bookmark\">\n\t\t\t\t\t\t\tVal-de-Dagne : le caf\u00e9 Vins de Dagne r\u00e9compens\u00e9\t\t\t\t\t\t<\/a>\n\t\t\t\t\t<\/h3>\n\t\t\t\t\n\t\t\t\t\n\t\t\t\t\n\t\t\t\t\t\t\t\t\t<a href=\"https:\/\/vinsdedagne.fr\/en\/val-de-dagne-le-cafe-vins-de-dagne-recompense\/\" class=\"hfe-read-more\" rel=\"bookmark\">\n\t\t\t\t\t\tLire l&#039;article \u2192\t\t\t\t\t<\/a>\n\t\t\t\t\t\t\t<\/div>\n\t\t<\/article>\n\t\t\t\t<article class=\"hfe-post-card\">\n\t\t\t\t\t\t\t<div class=\"hfe-post-image\">\n\t\t\t\t\t<a href=\"https:\/\/vinsdedagne.fr\/en\/terre-de-vins-recompense-aurelien-cornac\/\" rel=\"bookmark\">\n\t\t\t\t\t\t<img loading=\"lazy\" decoding=\"async\" width=\"300\" height=\"169\" src=\"https:\/\/vinsdedagne.fr\/wp-content\/uploads\/2026\/04\/terre-de-vins-recompense-aurelien-cornac-300x169.jpg\" class=\"attachment-medium size-medium wp-post-image\" alt=\"Terre de Vins r\u00e9compense Aur\u00e9lien Cornac\" loading=\"lazy\" srcset=\"https:\/\/vinsdedagne.fr\/wp-content\/uploads\/2026\/04\/terre-de-vins-recompense-aurelien-cornac-300x169.jpg 300w, https:\/\/vinsdedagne.fr\/wp-content\/uploads\/2026\/04\/terre-de-vins-recompense-aurelien-cornac-768x434.jpg 768w, https:\/\/vinsdedagne.fr\/wp-content\/uploads\/2026\/04\/terre-de-vins-recompense-aurelien-cornac-18x10.jpg 18w, https:\/\/vinsdedagne.fr\/wp-content\/uploads\/2026\/04\/terre-de-vins-recompense-aurelien-cornac.jpg 885w\" sizes=\"auto, (max-width: 300px) 100vw, 300px\" \/>\t\t\t\t\t<\/a>\n\t\t\t\t<\/div>\n\t\t\t\n\t\t\t<div class=\"hfe-post-content\">\n\t\t\t\t\t\t\t\t\t<h3 class=\"hfe-post-title\">\n\t\t\t\t\t\t<a href=\"https:\/\/vinsdedagne.fr\/en\/terre-de-vins-recompense-aurelien-cornac\/\" rel=\"bookmark\">\n\t\t\t\t\t\t\tTerre de Vins r\u00e9compense Aur\u00e9lien Cornac\t\t\t\t\t\t<\/a>\n\t\t\t\t\t<\/h3>\n\t\t\t\t\n\t\t\t\t\n\t\t\t\t\n\t\t\t\t\t\t\t\t\t<a href=\"https:\/\/vinsdedagne.fr\/en\/terre-de-vins-recompense-aurelien-cornac\/\" class=\"hfe-read-more\" rel=\"bookmark\">\n\t\t\t\t\t\tLire l&#039;article \u2192\t\t\t\t\t<\/a>\n\t\t\t\t\t\t\t<\/div>\n\t\t<\/article>\n\t\t\t\t<article class=\"hfe-post-card\">\n\t\t\t\t\t\t\t<div class=\"hfe-post-image\">\n\t\t\t\t\t<a href=\"https:\/\/vinsdedagne.fr\/en\/elementor-2122\/\" rel=\"bookmark\">\n\t\t\t\t\t\t<img loading=\"lazy\" decoding=\"async\" width=\"234\" height=\"300\" src=\"https:\/\/vinsdedagne.fr\/wp-content\/uploads\/2026\/04\/Vins-de-Dagne_12avril26-234x300.jpeg\" class=\"attachment-medium size-medium wp-post-image\" alt=\"Le bistrot \u00e0 vins et \u00e0 manger par excellence\" loading=\"lazy\" srcset=\"https:\/\/vinsdedagne.fr\/wp-content\/uploads\/2026\/04\/Vins-de-Dagne_12avril26-234x300.jpeg 234w, https:\/\/vinsdedagne.fr\/wp-content\/uploads\/2026\/04\/Vins-de-Dagne_12avril26-798x1024.jpeg 798w, https:\/\/vinsdedagne.fr\/wp-content\/uploads\/2026\/04\/Vins-de-Dagne_12avril26-768x985.jpeg 768w, https:\/\/vinsdedagne.fr\/wp-content\/uploads\/2026\/04\/Vins-de-Dagne_12avril26-1197x1536.jpeg 1197w, https:\/\/vinsdedagne.fr\/wp-content\/uploads\/2026\/04\/Vins-de-Dagne_12avril26-9x12.jpeg 9w, https:\/\/vinsdedagne.fr\/wp-content\/uploads\/2026\/04\/Vins-de-Dagne_12avril26.jpeg 1243w\" sizes=\"auto, (max-width: 234px) 100vw, 234px\" \/>\t\t\t\t\t<\/a>\n\t\t\t\t<\/div>\n\t\t\t\n\t\t\t<div class=\"hfe-post-content\">\n\t\t\t\t\t\t\t\t\t<h3 class=\"hfe-post-title\">\n\t\t\t\t\t\t<a href=\"https:\/\/vinsdedagne.fr\/en\/elementor-2122\/\" rel=\"bookmark\">\n\t\t\t\t\t\t\tLe bistrot \u00e0 vins et \u00e0 manger par excellence\t\t\t\t\t\t<\/a>\n\t\t\t\t\t<\/h3>\n\t\t\t\t\n\t\t\t\t\n\t\t\t\t\n\t\t\t\t\t\t\t\t\t<a href=\"https:\/\/vinsdedagne.fr\/en\/elementor-2122\/\" class=\"hfe-read-more\" rel=\"bookmark\">\n\t\t\t\t\t\tLire l&#039;article \u2192\t\t\t\t\t<\/a>\n\t\t\t\t\t\t\t<\/div>\n\t\t<\/article>\n\t\t<\/div>\n\t\t\t\t<\/div>\n\t\t\t\t<\/div>\n\t\t\t\t\t<\/div>\n\t\t<\/div>\n\t\t\t\t\t<\/div>\n\t\t<\/section>\n\t\t\t\t<\/div>\n\t\t","protected":false},"excerpt":{"rendered":"<p>LE BLOG Le bistrot \u00e0 vins et \u00e0 manger par excellence Lire l&#039;article \u2192<\/p>","protected":false},"author":1,"featured_media":0,"parent":0,"menu_order":0,"comment_status":"closed","ping_status":"closed","template":"","meta":{"site-sidebar-layout":"no-sidebar","site-content-layout":"page-builder","ast-site-content-layout":"full-width-container","site-content-style":"default","site-sidebar-style":"default","ast-global-header-display":"","ast-banner-title-visibility":"","ast-main-header-display":"","ast-hfb-above-header-display":"","ast-hfb-below-header-display":"","ast-hfb-mobile-header-display":"","site-post-title":"disabled","ast-breadcrumbs-content":"","ast-featured-img":"disabled","footer-sml-layout":"","ast-disable-related-posts":"","theme-transparent-header-meta":"","adv-header-id-meta":"","stick-header-meta":"","header-above-stick-meta":"","header-main-stick-meta":"","header-below-stick-meta":"","astra-migrate-meta-layouts":"set","ast-page-background-enabled":"default","ast-page-background-meta":{"desktop":{"background-color":"","background-image":"","background-repeat":"repeat","background-position":"center center","background-size":"auto","background-attachment":"scroll","background-type":"","background-media":"","overlay-type":"","overlay-color":"","overlay-opacity":"","overlay-gradient":""},"tablet":{"background-color":"","background-image":"","background-repeat":"repeat","background-position":"center center","background-size":"auto","background-attachment":"scroll","background-type":"","background-media":"","overlay-type":"","overlay-color":"","overlay-opacity":"","overlay-gradient":""},"mobile":{"background-color":"","background-image":"","background-repeat":"repeat","background-position":"center center","background-size":"auto","background-attachment":"scroll","background-type":"","background-media":"","overlay-type":"","overlay-color":"","overlay-opacity":"","overlay-gradient":""}},"ast-content-background-meta":{"desktop":{"background-color":"var(--ast-global-color-5)","background-image":"","background-repeat":"repeat","background-position":"center center","background-size":"auto","background-attachment":"scroll","background-type":"","background-media":"","overlay-type":"","overlay-color":"","overlay-opacity":"","overlay-gradient":""},"tablet":{"background-color":"var(--ast-global-color-5)","background-image":"","background-repeat":"repeat","background-position":"center center","background-size":"auto","background-attachment":"scroll","background-type":"","background-media":"","overlay-type":"","overlay-color":"","overlay-opacity":"","overlay-gradient":""},"mobile":{"background-color":"var(--ast-global-color-5)","background-image":"","background-repeat":"repeat","background-position":"center center","background-size":"auto","background-attachment":"scroll","background-type":"","background-media":"","overlay-type":"","overlay-color":"","overlay-opacity":"","overlay-gradient":""}},"footnotes":""},"class_list":["post-2114","page","type-page","status-publish","hentry"],"yoast_head":"<!-- This site is optimized with the Yoast SEO plugin v27.4 - https:\/\/yoast.com\/product\/yoast-seo-wordpress\/ -->\n<title>Vins de Dagne - Blog<\/title>\n<meta name=\"description\" content=\"La carte des vins est pr\u00eate, la cuisini\u00e8re est en place, le g\u00e9rant est sur le palier, venez d\u00e9couvrir ce lieu rempli d\u2019histoire et de convivialit\u00e9 pour un moment de plaisir et de partage.\" \/>\n<meta name=\"robots\" content=\"index, follow, max-snippet:-1, max-image-preview:large, max-video-preview:-1\" \/>\n<link rel=\"canonical\" href=\"https:\/\/vinsdedagne.fr\/en\/blog\/\" \/>\n<meta property=\"og:locale\" content=\"en_US\" \/>\n<meta property=\"og:type\" content=\"article\" \/>\n<meta property=\"og:title\" content=\"Vins de Dagne - Blog\" \/>\n<meta property=\"og:description\" content=\"La carte des vins est pr\u00eate, la cuisini\u00e8re est en place, le g\u00e9rant est sur le palier, venez d\u00e9couvrir ce lieu rempli d\u2019histoire et de convivialit\u00e9 pour un moment de plaisir et de partage.\" \/>\n<meta property=\"og:url\" content=\"https:\/\/vinsdedagne.fr\/en\/blog\/\" \/>\n<meta property=\"og:site_name\" content=\"Vins de Dagne\" \/>\n<meta property=\"article:publisher\" content=\"https:\/\/www.facebook.com\/vinsdedagne\" \/>\n<meta property=\"article:modified_time\" content=\"2026-04-21T12:27:28+00:00\" \/>\n<meta property=\"og:image\" content=\"https:\/\/vinsdedagne.fr\/wp-content\/uploads\/2026\/04\/Vins-de-Dagne_12avril26-234x300.jpeg\" \/>\n<meta name=\"twitter:card\" content=\"summary_large_image\" \/>\n<script type=\"application\/ld+json\" class=\"yoast-schema-graph\">{\"@context\":\"https:\\\/\\\/schema.org\",\"@graph\":[{\"@type\":\"WebPage\",\"@id\":\"https:\\\/\\\/vinsdedagne.fr\\\/blog\\\/\",\"url\":\"https:\\\/\\\/vinsdedagne.fr\\\/blog\\\/\",\"name\":\"Vins de Dagne - Blog\",\"isPartOf\":{\"@id\":\"https:\\\/\\\/vinsdedagne.fr\\\/#website\"},\"primaryImageOfPage\":{\"@id\":\"https:\\\/\\\/vinsdedagne.fr\\\/blog\\\/#primaryimage\"},\"image\":{\"@id\":\"https:\\\/\\\/vinsdedagne.fr\\\/blog\\\/#primaryimage\"},\"thumbnailUrl\":\"https:\\\/\\\/vinsdedagne.fr\\\/wp-content\\\/uploads\\\/2026\\\/04\\\/Vins-de-Dagne_12avril26-234x300.jpeg\",\"datePublished\":\"2026-04-21T11:45:41+00:00\",\"dateModified\":\"2026-04-21T12:27:28+00:00\",\"description\":\"La carte des vins est pr\u00eate, la cuisini\u00e8re est en place, le g\u00e9rant est sur le palier, venez d\u00e9couvrir ce lieu rempli d\u2019histoire et de convivialit\u00e9 pour un moment de plaisir et de partage.\",\"breadcrumb\":{\"@id\":\"https:\\\/\\\/vinsdedagne.fr\\\/blog\\\/#breadcrumb\"},\"inLanguage\":\"en-US\",\"potentialAction\":[{\"@type\":\"ReadAction\",\"target\":[\"https:\\\/\\\/vinsdedagne.fr\\\/blog\\\/\"]}]},{\"@type\":\"ImageObject\",\"inLanguage\":\"en-US\",\"@id\":\"https:\\\/\\\/vinsdedagne.fr\\\/blog\\\/#primaryimage\",\"url\":\"https:\\\/\\\/vinsdedagne.fr\\\/wp-content\\\/uploads\\\/2026\\\/04\\\/Vins-de-Dagne_12avril26-234x300.jpeg\",\"contentUrl\":\"https:\\\/\\\/vinsdedagne.fr\\\/wp-content\\\/uploads\\\/2026\\\/04\\\/Vins-de-Dagne_12avril26-234x300.jpeg\"},{\"@type\":\"BreadcrumbList\",\"@id\":\"https:\\\/\\\/vinsdedagne.fr\\\/blog\\\/#breadcrumb\",\"itemListElement\":[{\"@type\":\"ListItem\",\"position\":1,\"name\":\"Accueil\",\"item\":\"https:\\\/\\\/vinsdedagne.fr\\\/\"},{\"@type\":\"ListItem\",\"position\":2,\"name\":\"Blog\"}]},{\"@type\":\"WebSite\",\"@id\":\"https:\\\/\\\/vinsdedagne.fr\\\/#website\",\"url\":\"https:\\\/\\\/vinsdedagne.fr\\\/\",\"name\":\"Vins de Dagne\",\"description\":\"\",\"publisher\":{\"@id\":\"https:\\\/\\\/vinsdedagne.fr\\\/#organization\"},\"potentialAction\":[{\"@type\":\"SearchAction\",\"target\":{\"@type\":\"EntryPoint\",\"urlTemplate\":\"https:\\\/\\\/vinsdedagne.fr\\\/?s={search_term_string}\"},\"query-input\":{\"@type\":\"PropertyValueSpecification\",\"valueRequired\":true,\"valueName\":\"search_term_string\"}}],\"inLanguage\":\"en-US\"},{\"@type\":\"Organization\",\"@id\":\"https:\\\/\\\/vinsdedagne.fr\\\/#organization\",\"name\":\"Vins de Dagne\",\"url\":\"https:\\\/\\\/vinsdedagne.fr\\\/\",\"logo\":{\"@type\":\"ImageObject\",\"inLanguage\":\"en-US\",\"@id\":\"https:\\\/\\\/vinsdedagne.fr\\\/#\\\/schema\\\/logo\\\/image\\\/\",\"url\":\"https:\\\/\\\/vinsdedagne.fr\\\/wp-content\\\/uploads\\\/2021\\\/06\\\/logo-vinsdedagne.png\",\"contentUrl\":\"https:\\\/\\\/vinsdedagne.fr\\\/wp-content\\\/uploads\\\/2021\\\/06\\\/logo-vinsdedagne.png\",\"width\":834,\"height\":834,\"caption\":\"Vins de Dagne\"},\"image\":{\"@id\":\"https:\\\/\\\/vinsdedagne.fr\\\/#\\\/schema\\\/logo\\\/image\\\/\"},\"sameAs\":[\"https:\\\/\\\/www.facebook.com\\\/vinsdedagne\",\"https:\\\/\\\/www.instagram.com\\\/vins_de_dagne\\\/?hl=fr\"]}]}<\/script>\n<!-- \/ Yoast SEO plugin. -->","yoast_head_json":{"title":"Vins de Dagne - Blog","description":"La carte des vins est pr\u00eate, la cuisini\u00e8re est en place, le g\u00e9rant est sur le palier, venez d\u00e9couvrir ce lieu rempli d\u2019histoire et de convivialit\u00e9 pour un moment de plaisir et de partage.","robots":{"index":"index","follow":"follow","max-snippet":"max-snippet:-1","max-image-preview":"max-image-preview:large","max-video-preview":"max-video-preview:-1"},"canonical":"https:\/\/vinsdedagne.fr\/en\/blog\/","og_locale":"en_US","og_type":"article","og_title":"Vins de Dagne - Blog","og_description":"La carte des vins est pr\u00eate, la cuisini\u00e8re est en place, le g\u00e9rant est sur le palier, venez d\u00e9couvrir ce lieu rempli d\u2019histoire et de convivialit\u00e9 pour un moment de plaisir et de partage.","og_url":"https:\/\/vinsdedagne.fr\/en\/blog\/","og_site_name":"Vins de Dagne","article_publisher":"https:\/\/www.facebook.com\/vinsdedagne","article_modified_time":"2026-04-21T12:27:28+00:00","og_image":[{"url":"https:\/\/vinsdedagne.fr\/wp-content\/uploads\/2026\/04\/Vins-de-Dagne_12avril26-234x300.jpeg","type":"","width":"","height":""}],"twitter_card":"summary_large_image","schema":{"@context":"https:\/\/schema.org","@graph":[{"@type":"WebPage","@id":"https:\/\/vinsdedagne.fr\/blog\/","url":"https:\/\/vinsdedagne.fr\/blog\/","name":"Vins de Dagne - Blog","isPartOf":{"@id":"https:\/\/vinsdedagne.fr\/#website"},"primaryImageOfPage":{"@id":"https:\/\/vinsdedagne.fr\/blog\/#primaryimage"},"image":{"@id":"https:\/\/vinsdedagne.fr\/blog\/#primaryimage"},"thumbnailUrl":"https:\/\/vinsdedagne.fr\/wp-content\/uploads\/2026\/04\/Vins-de-Dagne_12avril26-234x300.jpeg","datePublished":"2026-04-21T11:45:41+00:00","dateModified":"2026-04-21T12:27:28+00:00","description":"La carte des vins est pr\u00eate, la cuisini\u00e8re est en place, le g\u00e9rant est sur le palier, venez d\u00e9couvrir ce lieu rempli d\u2019histoire et de convivialit\u00e9 pour un moment de plaisir et de partage.","breadcrumb":{"@id":"https:\/\/vinsdedagne.fr\/blog\/#breadcrumb"},"inLanguage":"en-US","potentialAction":[{"@type":"ReadAction","target":["https:\/\/vinsdedagne.fr\/blog\/"]}]},{"@type":"ImageObject","inLanguage":"en-US","@id":"https:\/\/vinsdedagne.fr\/blog\/#primaryimage","url":"https:\/\/vinsdedagne.fr\/wp-content\/uploads\/2026\/04\/Vins-de-Dagne_12avril26-234x300.jpeg","contentUrl":"https:\/\/vinsdedagne.fr\/wp-content\/uploads\/2026\/04\/Vins-de-Dagne_12avril26-234x300.jpeg"},{"@type":"BreadcrumbList","@id":"https:\/\/vinsdedagne.fr\/blog\/#breadcrumb","itemListElement":[{"@type":"ListItem","position":1,"name":"Accueil","item":"https:\/\/vinsdedagne.fr\/"},{"@type":"ListItem","position":2,"name":"Blog"}]},{"@type":"WebSite","@id":"https:\/\/vinsdedagne.fr\/#website","url":"https:\/\/vinsdedagne.fr\/","name":"Vins de Dagne","description":"","publisher":{"@id":"https:\/\/vinsdedagne.fr\/#organization"},"potentialAction":[{"@type":"SearchAction","target":{"@type":"EntryPoint","urlTemplate":"https:\/\/vinsdedagne.fr\/?s={search_term_string}"},"query-input":{"@type":"PropertyValueSpecification","valueRequired":true,"valueName":"search_term_string"}}],"inLanguage":"en-US"},{"@type":"Organization","@id":"https:\/\/vinsdedagne.fr\/#organization","name":"Vins de Dagne","url":"https:\/\/vinsdedagne.fr\/","logo":{"@type":"ImageObject","inLanguage":"en-US","@id":"https:\/\/vinsdedagne.fr\/#\/schema\/logo\/image\/","url":"https:\/\/vinsdedagne.fr\/wp-content\/uploads\/2021\/06\/logo-vinsdedagne.png","contentUrl":"https:\/\/vinsdedagne.fr\/wp-content\/uploads\/2021\/06\/logo-vinsdedagne.png","width":834,"height":834,"caption":"Vins de Dagne"},"image":{"@id":"https:\/\/vinsdedagne.fr\/#\/schema\/logo\/image\/"},"sameAs":["https:\/\/www.facebook.com\/vinsdedagne","https:\/\/www.instagram.com\/vins_de_dagne\/?hl=fr"]}]}},"_links":{"self":[{"href":"https:\/\/vinsdedagne.fr\/en\/wp-json\/wp\/v2\/pages\/2114","targetHints":{"allow":["GET"]}}],"collection":[{"href":"https:\/\/vinsdedagne.fr\/en\/wp-json\/wp\/v2\/pages"}],"about":[{"href":"https:\/\/vinsdedagne.fr\/en\/wp-json\/wp\/v2\/types\/page"}],"author":[{"embeddable":true,"href":"https:\/\/vinsdedagne.fr\/en\/wp-json\/wp\/v2\/users\/1"}],"replies":[{"embeddable":true,"href":"https:\/\/vinsdedagne.fr\/en\/wp-json\/wp\/v2\/comments?post=2114"}],"version-history":[{"count":10,"href":"https:\/\/vinsdedagne.fr\/en\/wp-json\/wp\/v2\/pages\/2114\/revisions"}],"predecessor-version":[{"id":2140,"href":"https:\/\/vinsdedagne.fr\/en\/wp-json\/wp\/v2\/pages\/2114\/revisions\/2140"}],"wp:attachment":[{"href":"https:\/\/vinsdedagne.fr\/en\/wp-json\/wp\/v2\/media?parent=2114"}],"curies":[{"name":"wp","href":"https:\/\/api.w.org\/{rel}","templated":true}]}}